{"id":9,"date":"2019-10-23T02:41:11","date_gmt":"2019-10-23T00:41:11","guid":{"rendered":"https:\/\/pct-trans.cz\/?page_id=9"},"modified":"2025-03-13T08:22:31","modified_gmt":"2025-03-13T07:22:31","slug":"hlavni-stranka","status":"publish","type":"page","link":"https:\/\/pct-trans.cz\/","title":{"rendered":"Hlavn\u00ed str\u00e1nka"},"content":{"rendered":"\n\t\t\t\t<img loading=\"lazy\" decoding=\"async\" src=\"https:\/\/pct-trans.cz\/wp-content\/uploads\/2019\/10\/logo.png\" alt=\"logo\" itemprop=\"image\" height=\"1301\" width=\"1300\" title=\"logo\" onerror=\"this.style.display='none'\"  \/>\n<h2>\n\t\tSpolehlivost<br\/>Profesionalita\n\t<\/h2>\n<h2>\n\t\tFlexibilita<br\/>Individu\u00e1ln\u00ed p\u0159\u00edstup\n\t<\/h2>\n<h2>\n\t\tP\u0158EPRAVA\n\t<\/h2>\n<h3>\n\t\tnebezpe\u010dn\u00fdch l\u00e1tek, ADR p\u0159eprava\n\t<\/h3>\n\t\t\t\t<img loading=\"lazy\" decoding=\"async\" src=\"https:\/\/pct-trans.cz\/wp-content\/uploads\/2019\/10\/oddelovac.png\" alt=\"oddelovac\" itemprop=\"image\" height=\"493\" width=\"15\" title=\"oddelovac\" onerror=\"this.style.display='none'\"  \/>\n<h2>\n\t\tDISTRIBUCE\n\t<\/h2>\n<h3>\n\t\tprodukt\u016f pro \u00fapravu a \u010di\u0161t\u011bn\u00ed vody\n\t<\/h3>\n\t\t\t\t<img loading=\"lazy\" decoding=\"async\" src=\"https:\/\/pct-trans.cz\/wp-content\/uploads\/2019\/10\/logoznak-pct-landscape.png\" alt=\"logoznak-pct-landscape\" itemprop=\"image\" height=\"161\" width=\"562\" title=\"logoznak-pct-landscape\" onerror=\"this.style.display='none'\"  \/>\n\tSpolec\u030cnost PCT, s.r.o. byla zaloz\u030cena v roce 1998.<br \/>\nHlavni\u0301m pr\u030cedme\u030ctem nas\u030ci\u0301 c\u030cinnosti byla nejdr\u030ci\u0301ve specializovana\u0301 pr\u030ceprava nebezpec\u030cny\u0301ch la\u0301tek, pr\u030cedevs\u030ci\u0301m tekuty\u0301ch produktu\u030a tr\u030ci\u0301dy 8 zar\u030cazeny\u0301ch v dohode\u030c ADR. Postupne\u030c byla tato c\u030cinnost doplne\u030cna o distribuci chemika\u0301lii\u0301, zejme\u0301na produktu\u030a na u\u0301pravu a c\u030cis\u030cte\u030cni\u0301 vody a stali jsme se tak spolehlivy\u0301m partnerem v komplexni\u0301ch doda\u0301vka\u0301ch te\u030cchto i dals\u030ci\u0301ch komodit.<br \/>\nZa dobu existence nas\u030ci\u0301 spolec\u030cnosti jsme v oblasti pr\u030cepravy a distribuce chemika\u0301lii\u0301 nac\u030cerpali mnoho cenny\u0301ch zkus\u030cenosti\u0301 a jsme di\u0301ky profesiona\u0301lni\u0301mu a zodpove\u030cdne\u0301mu pr\u030ci\u0301stupu jednou z nejleps\u030ci\u0301ch znac\u030cek v tomto oboru.\n<p>&nbsp;<\/p>\nCi\u0301le spolec\u030cnosti<br \/>\nNas\u030ci\u0301 hlavni\u0301 prioritou je poskytnuti\u0301 profesiona\u0301lni\u0301ch sluz\u030ceb za\u0301kazni\u0301ku\u030am, individua\u0301lni\u0301 pr\u030ci\u0301stup k r\u030ces\u030ceni\u0301 jednotlivy\u0301ch poz\u030cadavku\u030a a snaha maxima\u0301lne\u030c uspokojit pr\u030ca\u0301ni\u0301 za\u0301kazni\u0301ku\u030a s ohledem na splne\u030cni\u0301 vs\u030cech legislativni\u0301ch norem a pr\u030cedevs\u030ci\u0301m bezpec\u030cnost.\n<p>&nbsp;<\/p>\nCertifikace ISO<br \/>\nMa\u0301me implemetovany\u0301 syste\u0301m managementu kvality v souladu s normou C\u030cSN EN ISO 9001:2016, 14001:2016 a proto jsme spolehlivy\u0301m obchodni\u0301m partnerem s du\u030arazem na kvalitu poskytovany\u0301ch sluz\u030ceb a spokojenost za\u0301kazni\u0301ka.\n<p>&nbsp;<\/p>\nNas\u030ci partner\u030ci<br \/>\nJsme servisni\u0301 organizaci\u0301 pro spolec\u030cnosti <strong><a href=\"http:\/\/www.kemira.com\"><strong>Kemira<\/strong><\/a><\/strong> v C\u030cR a SR &#8211; <strong><a href=\"http:\/\/www.kemifloc.cz\"><strong>Kemifloc<\/strong><\/a><\/strong>, <a href=\"http:\/\/www.prochemie.cz\"><strong>Kemwater<\/strong> <strong>ProChemie<\/strong><\/a><strong>,<\/strong> <a href=\"http:\/\/www.kemifloc.cz\"><strong>Kemifloc Slovakia<\/strong><\/a> a spolupracujeme s r\u030cadou odborni\u0301ku\u030a z oblasti vodni\u0301ho hospoda\u0301r\u030cstvi\u0301.\n\t\t\t\t<img loading=\"lazy\" decoding=\"async\" src=\"https:\/\/pct-trans.cz\/wp-content\/uploads\/2019\/10\/oddelovac-kratsi.png\" alt=\"oddelovac-kratsi\" itemprop=\"image\" height=\"352\" width=\"15\" title=\"oddelovac-kratsi\" onerror=\"this.style.display='none'\"  \/>\n<h2>\n\t\tP\u0158EPRAVA\n\t<\/h2>\n<h3>\n\t\tnebezpe\u010dn\u00fdch l\u00e1tek, ADR p\u0159eprava\n\t<\/h3>\n<h3>\n\t\tSpecializovan\u00e1 p\u0159eprava nebezpe\u010dn\u00fdch l\u00e1tek,<br\/>p\u0159edev\u0161\u00edm tekut\u00fdch produkt\u016f\n\t<\/h3>\n<p>Nas\u030ce spolec\u030cnost nabi\u0301zi\u0301 bezpec\u030cnou pr\u030cepravu tekuty\u0301ch chemika\u0301lii\u0301 tr\u030ci\u0301dy 8, jako jsou si\u0301ran hlinity\u0301, si\u0301ran z\u030celezity\u0301, chlorid hlinity\u0301, chlorid z\u030celezity\u0301, kyseliny, louhy a dal\u0161\u00ed produkty.<\/p>\n<p>Da\u0301le zajis\u030ct\u030cujeme vnitrosta\u0301tni\u0301 a mezina\u0301rodni\u0301 pr\u030cepravy volne\u030c loz\u030ceny\u0301ch komodit v silech, skla\u0301pe\u030cci\u0301ch na\u0301ve\u030csech, pr\u030cepravy paletove\u0301ho zboz\u030ci\u0301 v plachtovy\u0301ch na\u0301ve\u030csech a sbe\u030crne\u0301 sluz\u030cby.<\/p>\n<p>Pro zabezpec\u030ceni\u0301 komplexn\u00edch a spolehliv\u00fdch dod\u00e1vek disponujeme vy\u0301jimkami pro pr\u030cepravu zboz\u030ci\u0301 i b\u011bhem sobot, nede\u030cli\u0301 a vs\u030cech sva\u0301tk\u016f.<\/p>\n\t<p>Vozov\u00fd park<\/p>\n<p>K pr\u030ceprava\u0301m vyuz\u030ci\u0301va\u0301me pr\u030cedevs\u030ci\u0301m vlastni\u0301 vozovy\u0301 park, ktery\u0301 zahrnuje 23 chemicky\u0301ch autocisteren o objemu 22 az\u030c 32 m\u00b3. Vybaveni\u0301 cisteren a materia\u0301love\u0301 sloz\u030ceni\u0301 umoz\u030cn\u030cuje pr\u030cepravu velice s\u030ciroke\u0301ho rozsahu produktu\u030a zar\u030cazeny\u0301ch v dohode\u030c ADR ve tr\u030ci\u0301da\u0301ch 3, 4.1, 5, 6, 8 a 9.<\/p>\n<p>Technika je velmi pec\u030clive\u030c udrz\u030cova\u0301na a inovova\u0301na tak, aby odpovi\u0301dala nejvys\u030cs\u030ci\u0301m poz\u030cadavku\u030am na bezpec\u030cnost a ochranu z\u030civotni\u0301ho prostr\u030cedi\u0301.<\/p>\n<p>Provozujeme take\u0301 ji\u0301zdni\u0301 soupravy se specia\u0301lni\u0301mi na\u0301stavbami s hermeticky uzavr\u030ceny\u0301mi kontejnery, ktery\u0301mi zajis\u030ct\u030cuje pr\u030cepravu c\u030cisti\u0301rensky\u0301ch kalu\u030a.<\/p>\n\t<p>Specifikace vozov\u00e9ho parku<\/p>\n<p>Tahac\u030ce<\/p>\n<ul>\n<li>kvalitni\u0301 a spolehliva\u0301 na\u0301kladni\u0301 vozidla znac\u030cky SCANIA a VOLVO<\/li>\n<li>vs\u030cechny vozidla spln\u030cuji\u0301 evropskou ekologickou normu EURO V a EURO IV<\/li>\n<\/ul>\n<p>Cisterny<\/p>\n<ul>\n<li>kvalitni\u0301 cisternove\u0301 na\u0301ve\u030csy MAGYAR, MAISONNEUVE vyrobeny z nerez oceli s 1 az\u030c 3 komorami a cisterny s vnitr\u030cni\u0301 vy\u0301stelkou<\/li>\n<li>moz\u030cnost vlastni\u0301ho vy\u0301tlaku zboz\u030ci\u0301 z cisterny<\/li>\n<li>kaz\u030cda\u0301 cisterna je vybavena vs\u030cemi dostupny\u0301mi redukcemi dle evropsky\u0301ch norem a vypous\u030cte\u030cci\u0301mi hadicemi o de\u0301lce 12 m<\/li>\n<\/ul>\n\t<p>Servisni\u0301 c\u030cinnost a sluz\u030cby <\/p>\nZajis\u030ct\u030cujeme technicky\u0301 servis sta\u0301c\u030ceci\u0301ch a skladovaci\u0301ch zar\u030ci\u0301zeni\u0301, monitorujeme stav za\u0301sob a pr\u030cebi\u0301ra\u0301me zodpove\u030cdnost za zajis\u030cte\u030cni\u0301 poz\u030cadovane\u0301ho mnoz\u030cstvi\u0301 zboz\u030ci\u0301 ve skladech.<br \/>\nVe spolupra\u0301ci se spolec\u030cnostmi koncernu Kemira prova\u0301di\u0301me aplikace produktu\u030a v projektu Lake restoration. \n\t<p>Garance a poji\u0161t\u011bn\u00ed<\/p>\n<p>Ma\u0301me uzavr\u030ceno pojis\u030cte\u030cni\u0301, jak na s\u030ckodu zpu\u030asobenou na dopravovane\u0301m zboz\u030ci\u0301 do 500.000 Kc\u030c, tak i na provozni\u0301 odpove\u030cdnost firmy do celkove\u0301 vy\u0301s\u030ce 5.000.000Kc\u030c. Pro za\u0301kazni\u0301ky tato skutec\u030cnost pr\u030cedstavuje za\u0301ruku, z\u030ce bude pr\u030ci\u0301padna\u0301 s\u030ckoda bez pru\u030atahu\u030a zaplacena pojis\u030ct\u030covnou. <\/p>\n\t\t\t\t<img loading=\"lazy\" decoding=\"async\" src=\"https:\/\/pct-trans.cz\/wp-content\/uploads\/2019\/10\/oddelovac-cerny.png\" alt=\"oddelovac-cerny\" itemprop=\"image\" height=\"253\" width=\"15\" title=\"oddelovac-cerny\" onerror=\"this.style.display='none'\"  \/>\n<h2>\n\t\tDISTRIBUCE\n\t<\/h2>\n<h3>\n\t\tprodukt\u016f pro \u00fapravu a \u010di\u0161t\u011bn\u00ed vody\n\t<\/h3>\n<h3>\n\t\tKomplexn\u00ed dod\u00e1vky pro u\u0301pravu a c\u030cis\u030cte\u030cni\u0301 vody\n\t<\/h3>\n<p>Si\u0301ran hlinity\u0301 tekuty\u0301 &#8211; Za\u0301kladni\u0301 koagulant vhodny\u0301 pro vy\u0301robu pitne\u0301 a provozni\u0301 vody c\u030cir\u030ceni\u0301m, pro c\u030cis\u030cte\u030cni\u0301 pru\u030amyslovy\u0301ch odpadni\u0301ch vod, pro aplikace v papi\u0301renske\u0301m a stavebni\u0301m pru\u030amyslu. Produkt je ve vysoke\u0301 kvalite\u030c, filtrovany\u0301 bez nerozpustne\u0301ho podi\u0301lu.<\/p>\n\tSi\u0301ran hlinity\u0301 tekuty\u0301 &#8211; 50%<br \/>\nSi\u0301ran hlinity\u0301 tekuty\u0301 &#8211; 40%<br \/>\nSi\u0301ran hlinity\u0301 tekuty\u0301 &#8211; kysely\u0301\n<p>baleni\u0301: autocisternou, IBC kontejnery, kanystry<\/p>\n<p>Si\u0301ran hlinity\u0301 pevn\u00fd\u00a0&#8211; Za\u0301kladni\u0301 koagulant vhodny\u0301 pro vy\u0301robu pitne\u0301 a provozni\u0301 vody c\u030cir\u030ceni\u0301m, pro c\u030cis\u030cte\u030cni\u0301 pru\u030amyslovy\u0301ch odpadni\u0301ch vod, pro pouz\u030citi\u0301 v papi\u0301renske\u0301m a stavebni\u0301m pru\u030amyslu. Produkt je ve vysoke\u0301 kvalite\u030c jako la\u0301many\u0301, granule nebo pra\u0301s\u030cek ve dvou frakci\u0301ch s minima\u0301lni\u0301m obsahem nerozpustne\u0301ho podi\u0301lu a je dobr\u030ce rozpustny\u0301 ve vode\u030c. <\/p>\n\tSi\u0301ran hlinity\u0301 pevny\u0301 &#8211; granulovany\u0301<br \/>\nSi\u0301ran hlinity\u0301 pevny\u0301 &#8211; pra\u0301s\u030ckovy\u0301<br \/>\nSi\u0301ran hlinity\u0301 pevny\u0301 &#8211; la\u0301many\u0301\n<p>baleni\u0301: volne\u030c loz\u030ceny\u0301, big.bagy, papi\u0301rove\u0301 pytle 25kg, 40kg<\/p>\n<p>Polyalumiumchloridy \u00a0&#8211; Moderni\u0301 a vysoce u\u0301c\u030cinne\u0301 tekute\u0301 koagulanty na ba\u0301zi hlinite\u0301 soli se s\u030ciroky\u0301m aplikac\u030cni\u0301m spektrem &#8211; pitne\u0301 vody, pru\u030amyslove\u0301 odpadni\u0301 vody, komuna\u0301lni\u0301 odpadni\u0301 vody, papi\u0301rensky\u0301 pru\u030amysl, baze\u0301nove\u0301 <\/p>\nPolyaluminiumchlorid PAX-18<br \/>\nPolyaluminiumchlorid PAX-XL19<br \/>\nSme\u030csne\u0301 produkty &#8211; tailor made\n<p>baleni\u0301: autocisternou, IBC kontejnery, kanystry<\/p>\n<p>Si\u0301ran z\u030celezity\u0301 tekuty\u0301 \u00a0&#8211; Za\u0301kladni\u0301 koagulant vhodny\u0301 zejme\u0301na pro c\u030cis\u030cte\u030cni\u0301 odpadni\u0301ch vod &#8211; sra\u0301z\u030ceni\u0301 fosforu a sni\u0301z\u030ceni\u0301 koncentrace CHSK, da\u0301le pro pro vy\u0301robu pitne\u0301 a provozni\u0301 vody c\u030cir\u030ceni\u0301m a pro c\u030cis\u030cte\u030cni\u0301 pru\u030amyslovy\u0301ch odpadni\u0301ch vod. <\/p>\n<p>Chlorid z\u030celezity\u0301 tekuty\u0301 \u00a0&#8211; Za\u0301kladni\u0301 koagulant vhodny\u0301 zejme\u0301na pro c\u030cis\u030cte\u030cni\u0301 odpadni\u0301ch vod &#8211; sra\u0301z\u030ceni\u0301 fosforu a sni\u0301z\u030ceni\u0301 koncentrace CHSK, da\u0301le pro pro vy\u0301robu pitne\u0301 a provozni\u0301 vody c\u030cir\u030ceni\u0301m a pro c\u030cis\u030cte\u030cni\u0301 pru\u030amyslovy\u0301ch odpadni\u0301ch vod. <\/p>\n<p>Chlorid z\u030celeznaty\u0301 tekuty\u0301 \u00a0&#8211; Za\u0301kladni\u0301 koagulant pro c\u030cis\u030cte\u030cni\u0301 specia\u0301lni\u0301ch typu\u030a odpadni\u0301ch vod <\/p>\n<p>Sme\u030csne\u0301 produkty PIX-XL \u00a0&#8211; Specia\u0301lni\u0301 sme\u030csne\u0301 koagulanty pouz\u030ci\u0301vane\u0301 na c\u030cisti\u0301rna\u0301ch odpadni\u0301ch vod zejme\u0301na k r\u030ces\u030ceni\u0301 proble\u0301mu vla\u0301knite\u0301ho bytne\u030cni\u0301 aktivovane\u0301ho kalu <\/p>\n<p>baleni\u0301: autocisternou, IBC kontejnery, kanystry<\/p>\n\tFlokulanty r\u030cady SUPERFLOC\u00ae jsou polyelektrolyty vhodne\u0301 pro syste\u0301my na u\u0301pravu<br \/>\na c\u030cis\u030cte\u030cni\u0301 vody, zahus\u030ct\u030cova\u0301ni\u0301 kalu\u030a na komuna\u0301lni\u0301ch c\u030cisti\u0301rna\u0301ch, ve voda\u0301renstvi\u0301, v papi\u0301renske\u0301m a jine\u0301m pru\u030amyslu. Ve hrube\u0301m pr\u030cedc\u030cis\u030cte\u030cni\u0301 se flokulanty SUPERFLOC\u00ae pouz\u030ci\u0301vaji\u0301<br \/>\npro zleps\u030ceni\u0301 sedimentace a v c\u030cis\u030cte\u030cni\u0301 odpadni\u0301ch vod pro sedimentaci a odvodne\u030cni\u0301<br \/>\nkalu. Dynamicky\u0301 vy\u0301robni\u0301 proces umoz\u030cn\u030cuje vyra\u0301be\u030ct s\u030ciroke\u0301 spektrum polyakrylamidu\u030a<br \/>\no ru\u030azne\u0301 molekula\u0301rni\u0301 va\u0301ze a o poz\u030cadovane\u0301 hustote\u030c na\u0301boje, coz\u030c zahrnuje kationaktivni\u0301, neionogenni\u0301 i anionaktivni\u0301 produkty. Pro zvoleni\u0301 optima\u0301lni\u0301ho produktu doporuujeme prove\u0301st laboratorni\u0301 a na\u0301sledne\u030c provozni\u0301 zkous\u030cky.\n<p>Produkty pro eliminaci pe\u030cneni\u0301 na c\u030cisti\u0301rna\u0301ch odpadni\u0301ch vod <\/p>\n\t<p>DEFOK<\/p>\n<p>Fennotech <\/p>\n\t<p>Kyseliny<\/p>\nKyselina si\u0301rova\u0301<br \/>\nKyselina chlorovodi\u0301kova\u0301\n\t<p>Z\u00e1sady<\/p>\nVa\u0301penne\u0301 mle\u0301ko<br \/>\nLouh sodny\u0301\n<p>baleni\u0301: autocisternou, IBC kontejnery<\/p>\n\t<p>BDP &#8211; specia\u0301lni\u0301 produkty pro bioplynove\u0301 stanice, ktere\u0301 optimalizuji\u0301 proces vy\u0301roby bioplynu<\/p>\n\tBDP 840<br \/>\nBDP 860<br \/>\nBDP 881\n\t<p>Dusic\u030cnan va\u0301penaty\u0301\u00a0&#8211; specia\u0301lni\u0301 produkt pro odstran\u030cova\u0301ni\u0301 za\u0301pachu a aplikace ve stavebnictvi\u0301<\/p>\n\t<p>baleni\u0301: autocisternou, IBC kontejnery, kanystry<\/p>\n\t<p>Komplexni\u0301 doda\u0301vky produktu\u030a pro u\u0301pravu a c\u030cis\u030cte\u030cni\u0301 vody <\/p>\n\t<p>Technologicky\u0301 a aplikac\u030cni\u0301 servis <\/p>\n<p>Disponujeme odborny\u0301mi znalostmi z oblasti vodni\u0301ho hospoda\u0301r\u030cstvi\u0301 a doporuc\u030ci\u0301me vhodny\u0301 produkt s ci\u0301lem optimalizovat r\u030ces\u030ceni\u0301 konkre\u0301tni\u0301 u\u0301pravy nebo c\u030cis\u030cte\u030cni\u0301 vody:<\/p>\n<ul>\n<li>Provedeni\u0301 koagulac\u030cni\u0301 zkous\u030cky<\/li>\n<li>Vybra\u0301ni\u0301 vhodne\u0301ho produktu a da\u0301vky<\/li>\n<li>Uc\u030ceni\u0301 optima\u0301lni\u0301ho da\u0301vkoci\u0301ho mi\u0301sta<\/li>\n<li>Aktivni\u0301 u\u0301c\u030cast pr\u030ci provedeni\u0301 provozni\u0301 zkous\u030cky<\/li>\n<li>Pravidelna\u0301 servisni\u0301 c\u030cinnost<\/li>\n<\/ul>\n\t<p>Poradenstv\u00ed<\/p>\n<ul>\n<li>skladova\u0301ni\u0301<\/li>\n<li>da\u0301vkovaci\u0301 technika<\/li>\n<li>pr\u030cepravni\u0301 sluz\u030cby <\/li>\n<\/ul>\n<p>Nas\u030ce spolec\u030cnost zajis\u030ct\u030cuje komplexni\u0301 sluz\u030cby v doda\u0301vka\u0301ch produktu\u030a pro u\u0301pravu a c\u030cis\u030cte\u030cni\u0301 vody z ne\u030ckolika skladu\u030a na u\u0301zemi\u0301 C\u030cR. Provozujeme dva hlavn\u00ed distribu\u010dn\u00ed sklady &#8211; jeden v <strong><a href=\"https:\/\/www.google.com\/maps\/place\/PCT,+s.r.o.\/@50.4759682,14.9488011,17z\/data=!3m1!4b1!4m6!3m5!1s0x47095305dada3943:0x5f8cb8afc87c46d1!8m2!3d50.4759648!4d14.9513814!16s%2Fg%2F11vlz4sr2v?entry=ttu&amp;g_ep=EgoyMDI1MDIyNi4xIKXMDSoJLDEwMjExNDUzSAFQAw%3D%3D\"><strong>Bakov\u011b nad Jizerou<\/strong><\/a><\/strong> pro oblast \u010cechy, druh\u00fd v Lobodic\u00edch pro oblast Morava\/Slovensko v a ti\u0301m se snaz\u030ci\u0301me optimalizovat ekonomiku pr\u030cepravy.<\/p>\n<p>Specializujeme si na zejme\u0301na hlinite\u0301 a z\u030celezite\u0301 koagulanty, organicke\u0301 flokulanty, odpe\u030cn\u030covac\u030ce, produkty na u\u0301pravu pH a odstran\u030cova\u0301ni\u0301 za\u0301pachu.<\/p>\n<p>Stara\u0301me se o profesiona\u0301lni\u0301 a spolehlive\u0301 doda\u0301vky chemika\u0301lii\u0301 v s\u030ciroke\u0301 s\u030cka\u0301le dostupny\u0301ch baleni\u0301ch, ktere\u0301 spln\u030cuji\u0301 vs\u030cechny legislativni\u0301 a bezpec\u030cnostni\u0301 poz\u030cadavky na doda\u0301vky i nebezpec\u030cny\u0301ch la\u0301tek.<\/p>\n<p>Jsme servisni\u0301 organizaci\u0301 pro spolec\u030cnosti Kemira v C\u030cR a SR &#8211; Kemifloc, Kemwater ProChemie a Kemifloc Slovakia a spolupracujeme s r\u030cadou odborni\u0301ku\u030a z oblasti vodni\u0301ho hospoda\u0301r\u030cstvi\u0301<\/p>\n<p>Poskytujeme kvalitni\u0301 technicky\u0301 a aplikac\u030cni\u0301 servis, ktery\u0301 zahrnuje poradenstvi\u0301 s dopravou, skladova\u0301ni\u0301m a aplikaci\u0301 produktu\u030a pro efektivni\u0301 vyuz\u030citi\u0301 na zleps\u030ceni\u0301 kvality vody.<\/p>\n<p>Snaz\u030ci\u0301me se o maxima\u0301lni\u0301 flexibilitu a osobni\u0301 pr\u030ci\u0301stup v r\u030ces\u030ceni\u0301 individua\u0301lni\u0301ch poz\u030cadavku\u030a nas\u030cich za\u0301kazni\u0301ku\u030a.<\/p>\n<h2>\n\t\tKONTAKTY\n\t<\/h2>\n\tPCT, s.r.o.<br \/>\ntel.: +420 326 735 783<br \/>\n<a href=\"mailto:pct@pct-trans.cz\">pct@pct-trans.cz<\/a>\n<p>&nbsp;<\/p>\nAdministrativni\u0301 si\u0301dlo a distribu\u010dn\u00ed sklad:<br \/>\nPCT, s.r.o<br \/>\nHorka 42<br \/>\n294 01 Bakov nad Jizerou\n<p>&nbsp;<\/p>\nFakturac\u030cni\u0301 adresa:<br \/>\nPCT, s.r.o.,<br \/>\nMani\u0301kovice 1,<br \/>\n295 01 Pty\u0301rov<br \/>\nIC\u030cO: 25692224<br \/>\nDIC\u030c: CZ25692224<br \/>\n<a href=\"mailto:fakturace@pct-trans.cz\">fakturace@pct-trans.cz<\/a>\n<p>&nbsp;<\/p>\nPracovni\u0301 doba:<br \/>\nod ponde\u030cli\u0301 do pa\u0301tku od 7:00 do 16:00<br \/>\npo pracovni\u0301 dobe\u030c pak na mobilni\u0301ch telefonech.\n\t<iframe src=\"https:\/\/www.google.com\/maps\/embed\/v1\/place?q=PCT%2C+s.r.o.%0AHorka+42%0A294+01+Bakov+nad+Jizerou&#038;key=AIzaSyD09zQ9PNDNNy9TadMuzRV_UsPUoWKntt8\" aria-hidden=\"true\"><\/iframe>\n\tIng. Vladimi\u0301r Bedna\u0301r\u030c<br \/>\njednatel<br \/>\n<a href=\"mailto:vladimir.bednar@pct-trans.cz\">vladimir.bednar@pct-trans.cz<\/a>\n<p>&nbsp;<\/p>\nIng. Ve\u030cra Bedna\u0301r\u030cova\u0301<br \/>\nfinanc\u030cni\u0301 r\u030ceditelka<br \/>\n<a href=\"mailto:vera.bednarova@pct-trans.cz\">vera.bednarova@pct-trans.cz<\/a>\n<p>&nbsp;<\/p>\nIng. Ivana Vaverova\u0301<br \/>\nobchodni\u0301 r\u030ceditelka<br \/>\nGSM: +420 606 721 299<br \/>\n<a href=\"mailto:ivana.vaverova@pct-trans.cz\">ivana.vaverova@pct-trans.cz<\/a>\n<p>&nbsp;<\/p>\nMartin Tuz\u030cil<br \/>\nr\u030ceditel sekce doprava<br \/>\nGSM: +420 602 203 491<br \/>\ntel.: +420 326 735 783<br \/>\n<a href=\"mailto:martin.tuzil@pct-trans.cz\">martin.tuzil@pct-trans.cz<\/a>\n<p>&nbsp;<\/p>\nIlona Syru\u030ac\u030ckova\u0301<br \/>\nu\u0301c\u030cetni\u0301 \/ administrativa<br \/>\nGSM: +420 606 629 589<br \/>\ntel.: +420 326 735 783<br \/>\n<a href=\"mailto:ilona.syruckova@pct-trans.cz\">ilona.syruckova@pct-trans.cz<\/a>\n<p>&nbsp;<\/p>\nRadka Cucov\u00e1<br \/>\n\u00fa\u010detn\u00ed \/ administrativa<br \/>\nGSM: +420 775 626 111<br \/>\ntel.: +420 326 735 783<br \/>\n<a href=\"mailto:miriam.vandlikova@pct-trans.cz\">miriam.vandlikova@pct-trans.cz<\/a>\n<p>&nbsp;<\/p>\nMiriam Volfov\u00e1<br \/>\nfakturace \/ administrativa<br \/>\nGSM: +420 727 842 489<br \/>\ntel.: +420 326 735 783<br \/>\n<a href=\"mailto:miriam.volfova@pct-trans.cz\">miriam.volfova@pct-trans.cz<\/a>\n<p>&nbsp;<\/p>\nPetra Fri\u010dov\u00e1<br \/>\nfakturace \/ administrativa<br \/>\nGSM: +420 732 775 397<br \/>\ntel.: +420 326 735 783<br \/>\n<a href=\"mailto:petra.fricova@pct-trans.cz\">petra.fricova@pct-trans.cz<\/a>\n<p>&nbsp;<\/p>\nJaromi\u0301r Prokes\u030c<br \/>\ntechnicko-obchodni\u0301 za\u0301stupce<br \/>\nGSM: +420 607 631 897<br \/>\n<a href=\"mailto:jaromir.prokes@pct-trans.cz\">jaromir.prokes@pct-trans.cz<\/a>\n<p>&nbsp;<\/p>\n\tPavla Nagy<br \/>\ndisponent dopravy \/ administrativa<br \/>\nGSM: +420 725 590 581<br \/>\ntel.: +420 326 735 783<br \/>\n<a href=\"mailto:pavla.rejzkova@pct-trans.cz\">pavla.nagy@pct-trans.cz<\/a>\n<p>&nbsp;<\/p>\nToma\u0301s\u030c Stinka<br \/>\ndisponent dopravy<br \/>\nGSM: +420 725 760 860<br \/>\ntel.: +420 326 735 783<br \/>\n<a href=\"mailto:tomas.stinka@pct-trans.cz\">tomas.stinka@pct-trans.cz<\/a>\n<p>&nbsp;<\/p>\nIveta Kr\u030cibska\u0301<br \/>\ndisponent dopravy \/ administrativa<br \/>\nGSM: +420 725 707 719<br \/>\ntel.: +420 326 735 783<br \/>\n<a href=\"mailto:iveta.kribska@pct-trans.cz\">iveta.kribska@pct-trans.cz<\/a>\n<p>&nbsp;<\/p>\nIng. Ivana Sames\u030cova\u0301<br \/>\ndisponent dopravy \/ administrativa<br \/>\nGSM: +420 725 714 140<br \/>\ntel.: +420 326 735 783<br \/>\n<a href=\"mailto:ivana.samesova@pct-trans.cz\">ivana.samesova@pct-trans.cz<\/a>\n<p>&nbsp;<\/p>\nFilip Stinka<br \/>\nspr\u00e1vce vozov\u00e9ho parku<br \/>\nGSM: +420 727 982 046<br \/>\ntel.: +420 326 735 783<br \/>\n<a href=\"mailto:filip.stinka@pct-trans.cz\">filip.stinka@pct-trans.cz<\/a>\n<p>&nbsp;<\/p>\nJi\u0159\u00ed Pe\u0161tuka<br \/>\ndisponent dopravy &#8211; PCT Morava<br \/>\nGSM: +420 602 500 944<br \/>\ntel.: +420 326 735 783<br \/>\n<a href=\"mailto:jiri.pestuka@pct-trans.cz\">jiri.pestuka@pct-trans.cz<\/a>\n<p>&nbsp;<\/p>\nMilan Hanu\u0161<br \/>\nSkladn\u00edk<br \/>\nGSM: +420 602 808 308<br \/>\ntel.: +420 326 735 783<br \/>\n<a href=\"mailto:milan.hanus@pct-trans.cz\">milan.hanus@pct-trans.cz<\/a>\n","protected":false},"excerpt":{"rendered":"<p>SpolehlivostProfesionalita FlexibilitaIndividu\u00e1ln\u00ed p\u0159\u00edstup P\u0158EPRAVA nebezpe\u010dn\u00fdch l\u00e1tek, ADR p\u0159eprava DISTRIBUCE produkt\u016f pro \u00fapravu a \u010di\u0161t\u011bn\u00ed vody Spolec\u030cnost PCT, s.r.o. byla zaloz\u030cena v roce 1998. Hlavni\u0301m pr\u030cedme\u030ctem nas\u030ci\u0301 c\u030cinnosti byla nejdr\u030ci\u0301ve specializovana\u0301 pr\u030ceprava nebezpec\u030cny\u0301ch la\u0301tek, pr\u030cedevs\u030ci\u0301m tekuty\u0301ch produktu\u030a tr\u030ci\u0301dy 8 zar\u030cazeny\u0301ch v dohode\u030c ADR. Postupne\u030c byla tato c\u030cinnost doplne\u030cna o distribuci chemika\u0301lii\u0301, zejme\u0301na produktu\u030a na u\u0301pravu a&hellip;<\/p>\n","protected":false},"author":1,"featured_media":0,"parent":0,"menu_order":0,"comment_status":"closed","ping_status":"closed","template":"","meta":{"footnotes":""},"class_list":["post-9","page","type-page","status-publish","hentry"],"_links":{"self":[{"href":"https:\/\/pct-trans.cz\/index.php?rest_route=\/wp\/v2\/pages\/9","targetHints":{"allow":["GET"]}}],"collection":[{"href":"https:\/\/pct-trans.cz\/index.php?rest_route=\/wp\/v2\/pages"}],"about":[{"href":"https:\/\/pct-trans.cz\/index.php?rest_route=\/wp\/v2\/types\/page"}],"author":[{"embeddable":true,"href":"https:\/\/pct-trans.cz\/index.php?rest_route=\/wp\/v2\/users\/1"}],"replies":[{"embeddable":true,"href":"https:\/\/pct-trans.cz\/index.php?rest_route=%2Fwp%2Fv2%2Fcomments&post=9"}],"version-history":[{"count":54,"href":"https:\/\/pct-trans.cz\/index.php?rest_route=\/wp\/v2\/pages\/9\/revisions"}],"predecessor-version":[{"id":209,"href":"https:\/\/pct-trans.cz\/index.php?rest_route=\/wp\/v2\/pages\/9\/revisions\/209"}],"wp:attachment":[{"href":"https:\/\/pct-trans.cz\/index.php?rest_route=%2Fwp%2Fv2%2Fmedia&parent=9"}],"curies":[{"name":"wp","href":"https:\/\/api.w.org\/{rel}","templated":true}]}}